{"id":53,"date":"2018-12-14T15:45:57","date_gmt":"2018-12-14T14:45:57","guid":{"rendered":"http:\/\/haussandra-saalbach.at\/?page_id=53"},"modified":"2024-02-02T14:03:27","modified_gmt":"2024-02-02T13:03:27","slug":"impressum","status":"publish","type":"page","link":"http:\/\/haussandra-saalbach.at\/?page_id=53","title":{"rendered":"Impressum"},"content":{"rendered":"\n<p>Vollst\u00e4ndiger Firmenname: Haus Sandra<br><\/p>\n\n\n\n<h3 class=\"wp-block-heading\">Ort der Gewerbeberechtigung<\/h3>\n\n\n\n<p>Glemmtaler Landesstr. 223<br>5753 Saalbach<br><\/p>\n\n\n\n<h3 class=\"wp-block-heading\">UID-Nummer<\/h3>\n\n\n\n<p>UID: ATU 80 13 77 45<\/p>\n\n\n\n<h3 class=\"wp-block-heading\">Rechtsform<\/h3>\n\n\n\n<p>Einzelunternehmen<\/p>\n\n\n\n<h3 class=\"wp-block-heading\">Gesch\u00e4ftsf\u00fchrung\/Juristische Person<\/h3>\n\n\n\n<p>Elisabeth Riedlsperger<br><\/p>\n\n\n\n<h3 class=\"wp-block-heading\">Zus\u00e4tzliche Informationspflicht<\/h3>\n\n\n\n<p>Fotos: www.der-fotoigel.at sowie Privat<br>Websiteerstellung: <a href=\"http:\/\/www.der-fotoigel.at\" target=\"_blank\" rel=\"noreferrer noopener\" aria-label=\"Fotos: www.der-fotoigel.at sowie Privat\nWebsiteerstellung: Der Fotoigel \u2022 Viehhofen\n (\u00f6ffnet in neuem Tab)\">Der Fotoigel \u2022 Viehhofen<\/a><br><\/p>\n\n\n\n<p><br><\/p>\n\n\n\n<h3 class=\"wp-block-heading\">Unternehmensgegenstand<\/h3>\n\n\n\n<p>Appartementvermietung<\/p>\n\n\n\n<h3 class=\"wp-block-heading\">Gewerbeordnung<\/h3>\n\n\n\n<p>Es gelten die \u00d6sterreichsichen Hotelvertragsbedingungen<br><a href=\"https:\/\/www.wko.at\/branchen\/tourismus-freizeitwirtschaft\/hotellerie\/Allgemeine_Geschaeftsbedingungen_fuer_die_Hotellerie_(AGBH).html\">Link<\/a><br><\/p>\n\n\n\n<h2 class=\"wp-block-heading\" id=\"mce_23\">Haftungsausschluss<br>Inhalt des Onlineangebotes<\/h2>\n\n\n\n<p>Der Autor \u00fcbernimmt keinerlei Gew\u00e4hr f\u00fcr die Aktualit\u00e4t, Korrektheit,\n Vollst\u00e4ndigkeit oder Qualit\u00e4t der bereitgestellten Informationen. \nHaftungsanspr\u00fcche gegen den Autor, welche sich auf Sch\u00e4den materieller \noder ideeller Art beziehen, die durch die Nutzung oder Nichtnutzung der \ndargebotenen Informationen bzw. durch die Nutzung fehlerhafter und \nunvollst\u00e4ndiger Informationen verursacht wurden, sind grunds\u00e4tzlich \nausgeschlossen, sofern seitens des Autors kein nachweislich \nvors\u00e4tzliches oder grob fahrl\u00e4ssiges Verschulden vorliegt. Alle Angebote\n sind freibleibend und unverbindlich. Der Autor beh\u00e4lt es sich \nausdr\u00fccklich vor, Teile der Seiten oder das gesamte Angebot ohne \ngesonderte Ank\u00fcndigung zu ver\u00e4ndern, zu erg\u00e4nzen, zu l\u00f6schen oder die \nVer\u00f6ffentlichung zeitweise oder endg\u00fcltig einzustellen.<\/p>\n\n\n\n<h3 class=\"wp-block-heading\">Verweise und Links<\/h3>\n\n\n\n<p>Bei direkten oder indirekten Verweisen auf fremde Internetseiten \n(Links), die au\u00dferhalb des Verantwortungsbereiches des Autors liegen, \nw\u00fcrde eine Haftungsverpflichtung ausschlie\u00dflich in dem Fall in Kraft \ntreten, in dem der Autor von den Inhalten Kenntnis hat und es ihm \ntechnisch m\u00f6glich und zumutbar w\u00e4re, die Nutzung im Falle rechtswidriger\n Inhalte zu verhindern. Der Autor erkl\u00e4rt hiermit ausdr\u00fccklich, dass zum\n Zeitpunkt der Linksetzung keine illegalen Inhalte auf den zu \nverlinkenden Seiten erkennbar waren. Auf die aktuelle und zuk\u00fcnftige \nGestaltung, die Inhalte oder die Urheberschaft der gelinkten\/verkn\u00fcpften\n Seiten hat der Autor keinerlei Einfluss. Deshalb distanziert er sich \nhiermit ausdr\u00fccklich von allen Inhalten aller gelinkten\/verkn\u00fcpften \nSeiten, die nach der Linksetzung ver\u00e4ndert wurden. Diese Feststellung \ngilt f\u00fcr alle innerhalb des eigenen Internetangebotes gesetzten Links \nund Verweise sowie f\u00fcr Fremdeintr\u00e4ge in vom Autor eingerichtete \nG\u00e4steb\u00fccher, Diskussionsforen und Mailinglisten. F\u00fcr illegale, \nfehlerhafte oder unvollst\u00e4ndige Inhalte und insbesondere f\u00fcr Sch\u00e4den, \ndie aus der Nutzung oder Nichtnutzung solcherart dargebotener \nInformationen entstehen, haftet allein der Anbieter der Seite, auf \nwelche verwiesen wurde, nicht derjenige, der \u00fcber Links auf die \njeweilige Ver\u00f6ffentlichung lediglich verweist.<\/p>\n\n\n\n<h3 class=\"wp-block-heading\">Urheber- und Kennzeichenrecht<\/h3>\n\n\n\n<p>Der Autor ist bestrebt, in allen Publikationen die Urheberrechte der \nverwendeten Grafiken, Tondokumente, Videosequenzen und Texte zu \nbeachten, von ihm selbst erstellte Grafiken, Tondokumente, \nVideosequenzen und Texte zu nutzen oder auf lizenzfreie Grafiken, \nTondokumente, Videosequenzen und Texte zur\u00fcckzugreifen. Alle innerhalb \ndes Internetangebotes genannten und ggf. durch Dritte gesch\u00fctzten \nMarken- und Warenzeichen unterliegen uneingeschr\u00e4nkt den Bestimmungen \ndes jeweils g\u00fcltigen Kennzeichenrechts und den Besitzrechten der \njeweiligen eingetragenen Eigent\u00fcmer. Allein aufgrund der blo\u00dfen Nennung \nist nicht der Schluss zu ziehen, dass Markenzeichen nicht durch Rechte \nDritter gesch\u00fctzt sind! Das Copyright f\u00fcr ver\u00f6ffentlichte, vom Autor \nselbst erstellte Objekte bleibt allein beim Autor der Seiten. Eine \nVervielf\u00e4ltigung oder Verwendung solcher Grafiken, Tondokumente, \nVideosequenzen und Texte in anderen elektronischen oder gedruckten \nPublikationen ist ohne ausdr\u00fcckliche Zustimmung des Autors nicht \ngestattet.<\/p>\n\n\n\n<h3 class=\"wp-block-heading\">Datenschutz<\/h3>\n\n\n\n<p>Sofern innerhalb des Internetangebotes die M\u00f6glichkeit zur Eingabe \npers\u00f6nlicher oder gesch\u00e4ftlicher Daten (E-Mail-Adressen, Namen, \nAnschriften) besteht, so erfolgt die Preisgabe dieser Daten seitens des \nNutzers auf ausdr\u00fccklich freiwilliger Basis. Die Inanspruchnahme und \nBezahlung aller angebotenen Dienste ist &#8211; soweit technisch m\u00f6glich und \nzumutbar &#8211; auch ohne Angabe solcher Daten bzw. unter Angabe \nanonymisierter Daten oder eines Pseudonyms gestattet. Die Nutzung der im\n Rahmen des Impressums oder vergleichbarer Angaben ver\u00f6ffentlichten \nKontaktdaten wie Postanschriften, Telefon- und Faxnummern sowie \nE-Mail-Adressen durch Dritte zur \u00dcbersendung von nicht ausdr\u00fccklich \nangeforderten Informationen ist nicht gestattet. Rechtliche Schritte \ngegen die Versender von so genannten Spam-Mails bei Verst\u00f6\u00dfen gegen \ndieses Verbot sind ausdr\u00fccklich vorbehalten.<\/p>\n\n\n\n<h3 class=\"wp-block-heading\">Rechtswirksamkeit dieses Haftungsausschlusses<\/h3>\n\n\n\n<p>Dieser Haftungsausschluss ist als Teil des Internetangebotes zu \nbetrachten, von dem aus auf diese Seite verwiesen wurde. Sofern Teile \noder einzelne Formulierungen dieses Textes der geltenden Rechtslage \nnicht, nicht mehr oder nicht vollst\u00e4ndig entsprechen sollten, bleiben \ndie \u00fcbrigen Teile des Dokumentes in ihrem Inhalt und ihrer G\u00fcltigkeit \ndavon unber\u00fchrt.<\/p>\n\n\n\n<h3 class=\"wp-block-heading\">Google Analytics<\/h3>\n\n\n\n<p>Diese Website benutzt Google Analytics, einen Webanalysedienst der \nGoogle Inc. (&#8222;Google&#8220;). Google Analytics verwendet sog. &#8222;Cookies&#8220;, \nTextdateien, die auf Ihrem Computer gespeichert werden und die eine \nAnalyse der Benutzung der Website durch Sie erm\u00f6glichen. Die durch den \nCookie erzeugten Informationen \u00fcber Ihre Benutzung dieser Website werden\n in der Regel an einen Server von Google in den USA \u00fcbertragen und dort \ngespeichert. Im Falle der Aktivierung der IP-Anonymisierung auf dieser \nWebseite, wird Ihre IP-Adresse von Google jedoch innerhalb von \nMitgliedstaaten der Europ\u00e4ischen Union oder in anderen Vertragsstaaten \ndes Abkommens \u00fcber den Europ\u00e4ischen Wirtschaftsraum zuvor gek\u00fcrzt. Nur \nin Ausnahmef\u00e4llen wird die volle IP-Adresse an einen Server von Google \nin den USA \u00fcbertragen und dort gek\u00fcrzt. Die IP-Anonymisierung ist auf \ndieser Website aktiv. Im Auftrag des Betreibers dieser Website wird \nGoogle diese Informationen benutzen, um Ihre Nutzung der Website \nauszuwerten, um Reports \u00fcber die Websiteaktivit\u00e4ten zusammenzustellen \nund um weitere mit der Websitenutzung und der Internetnutzung verbundene\n Dienstleistungen gegen\u00fcber dem Websitebetreiber zu erbringen. Die im \nRahmen von Google Analytics von Ihrem Browser \u00fcbermittelte IP-Adresse \nwird nicht mit anderen Daten von Google zusammengef\u00fchrt. Sie k\u00f6nnen die \nSpeicherung der Cookies durch eine entsprechende Einstellung Ihrer \nBrowser-Software verhindern; wir weisen Sie jedoch darauf hin, dass Sie \nin diesem Fall gegebenenfalls nicht s\u00e4mtliche Funktionen dieser Website \nvollumf\u00e4nglich werden nutzen k\u00f6nnen. Sie k\u00f6nnen dar\u00fcber hinaus die \nErfassung der durch das Cookie erzeugten und auf Ihre Nutzung der \nWebsite bezogenen Daten (inkl. Ihrer IP-Adresse) an Google sowie die \nVerarbeitung dieser Daten durch Google verhindern, indem Sie das unter \ndem folgenden Link verf\u00fcgbare Browser-Plugin herunterladen und \ninstallieren:&nbsp;<a href=\"http:\/\/tools.google.com\/dlpage\/gaoptout?hl=de\" target=\"_blank\" rel=\"noreferrer noopener\">http:\/\/tools.google.com\/dlpage\/gaoptout?hl=de<\/a>.<\/p>\n\n\n\n<p>Mit Besuch der Website erkl\u00e4ren Sie sich mit einer derartigen Verwendung Ihrer Nutzer-Informationen ausdr\u00fccklich einverstanden.<\/p>\n\n\n\n<p><\/p>\n","protected":false},"excerpt":{"rendered":"<p>Vollst\u00e4ndiger Firmenname: Haus Sandra Ort der Gewerbeberechtigung Glemmtaler Landesstr. 2235753 Saalbach UID-Nummer UID: ATU 80 13 77 45 Rechtsform Einzelunternehmen Gesch\u00e4ftsf\u00fchrung\/Juristische Person Elisabeth Riedlsperger Zus\u00e4tzliche Informationspflicht Fotos: www.der-fotoigel.at sowie PrivatWebsiteerstellung: Der Fotoigel \u2022 Viehhofen Unternehmensgegenstand Appartementvermietung Gewerbeordnung Es gelten die \u00d6sterreichsichen HotelvertragsbedingungenLink HaftungsausschlussInhalt des Onlineangebotes Der Autor \u00fcbernimmt keinerlei Gew\u00e4hr f\u00fcr die Aktualit\u00e4t, Korrektheit, Vollst\u00e4ndigkeit [&hellip;]<\/p>\n","protected":false},"author":1,"featured_media":0,"parent":0,"menu_order":0,"comment_status":"closed","ping_status":"closed","template":"","meta":{"footnotes":""},"_links":{"self":[{"href":"http:\/\/haussandra-saalbach.at\/index.php?rest_route=\/wp\/v2\/pages\/53"}],"collection":[{"href":"http:\/\/haussandra-saalbach.at\/index.php?rest_route=\/wp\/v2\/pages"}],"about":[{"href":"http:\/\/haussandra-saalbach.at\/index.php?rest_route=\/wp\/v2\/types\/page"}],"author":[{"embeddable":true,"href":"http:\/\/haussandra-saalbach.at\/index.php?rest_route=\/wp\/v2\/users\/1"}],"replies":[{"embeddable":true,"href":"http:\/\/haussandra-saalbach.at\/index.php?rest_route=%2Fwp%2Fv2%2Fcomments&post=53"}],"version-history":[{"count":3,"href":"http:\/\/haussandra-saalbach.at\/index.php?rest_route=\/wp\/v2\/pages\/53\/revisions"}],"predecessor-version":[{"id":126,"href":"http:\/\/haussandra-saalbach.at\/index.php?rest_route=\/wp\/v2\/pages\/53\/revisions\/126"}],"wp:attachment":[{"href":"http:\/\/haussandra-saalbach.at\/index.php?rest_route=%2Fwp%2Fv2%2Fmedia&parent=53"}],"curies":[{"name":"wp","href":"https:\/\/api.w.org\/{rel}","templated":true}]}}