{"id":43,"date":"2018-12-14T15:26:05","date_gmt":"2018-12-14T14:26:05","guid":{"rendered":"http:\/\/haussandra-saalbach.at\/?page_id=43"},"modified":"2024-10-30T17:44:53","modified_gmt":"2024-10-30T16:44:53","slug":"preise","status":"publish","type":"page","link":"http:\/\/haussandra-saalbach.at\/?page_id=43","title":{"rendered":"Preise"},"content":{"rendered":"\n<p><strong><em>Appartement 1 \u2022 4 &#8211; 5 Personen<\/em><\/strong><br><strong><em>70 m2<\/em><\/strong><br><strong>Winter 2024\/25<\/strong> pro Nacht f\u00fcr vier Personen ab \u20ac 240,-<br><strong>Sommer 2025<\/strong> pro Nacht f\u00fcr zwei Personen ab \u20ac 135,- <\/p>\n\n\n\n<hr class=\"wp-block-separator has-css-opacity\"\/>\n\n\n\n<p><strong><em>Appartement 2 \u2022 2 &#8211; 4 Personen<\/em><\/strong><br><strong><em>40 m2 <\/em><\/strong><br><strong>Winter 2024\/25<\/strong> pro Nacht f\u00fcr zwei Personen ab \u20ac 170,-<br><strong>Sommer 2025<\/strong> pro Nacht  f\u00fcr zwei Personen ab \u20ac 130,-<\/p>\n\n\n\n<hr class=\"wp-block-separator has-css-opacity\"\/>\n\n\n\n<p>Online Buchen k\u00f6nnen Sie direkt \u00fcber <a href=\"https:\/\/www.saalbach.com\/saalbach-booking\/Hotel_Haus%20Sandra_15297_0\" target=\"_blank\" rel=\"noreferrer noopener\">Saalbach.com<\/a><br><\/p>\n\n\n\n<p>Zuz\u00fcglich Ortstaxe \u20ac 2,45 pro Person und Tag f\u00fcr Erwachsene (\u00fcber 15 Jahre) <br><br>Wir bitten um Verst\u00e4ndnis, dass wir keine Kreditkarten und EC Karten akzeptieren.<br><\/p>\n\n\n\n<p>Bei Reservierung bitten wir um Anzahlung.<br><br>Bankverbindung:<br>Raiffeisenbank Saalbach-Hinterglemm<br>Familie Riedlsperger<br>BLZ: 35052<br>Kontonummer: 52233<br>IBAN: AT38 3505 2000 0005 2233<br>BIC: RVSAAT2S052 (SWIFT)<br><br> <br><br>Es gelten die \u00f6sterreichischen Hotelvertragsbedingungen.<br>Irrt\u00fcmer und \u00c4nderungen vorbehalten.<\/p>\n\n\n\n<p>Registrierungsnummer: 50618-001223-2020<br> <br><br> <br><\/p>\n","protected":false},"excerpt":{"rendered":"<p>Appartement 1 \u2022 4 &#8211; 5 Personen70 m2Winter 2024\/25 pro Nacht f\u00fcr vier Personen ab \u20ac 240,-Sommer 2025 pro Nacht f\u00fcr zwei Personen ab \u20ac 135,- Appartement 2 \u2022 2 &#8211; 4 Personen40 m2 Winter 2024\/25 pro Nacht f\u00fcr zwei Personen ab \u20ac 170,-Sommer 2025 pro Nacht f\u00fcr zwei Personen ab \u20ac 130,- Online Buchen [&hellip;]<\/p>\n","protected":false},"author":1,"featured_media":0,"parent":0,"menu_order":0,"comment_status":"closed","ping_status":"closed","template":"","meta":{"footnotes":""},"_links":{"self":[{"href":"http:\/\/haussandra-saalbach.at\/index.php?rest_route=\/wp\/v2\/pages\/43"}],"collection":[{"href":"http:\/\/haussandra-saalbach.at\/index.php?rest_route=\/wp\/v2\/pages"}],"about":[{"href":"http:\/\/haussandra-saalbach.at\/index.php?rest_route=\/wp\/v2\/types\/page"}],"author":[{"embeddable":true,"href":"http:\/\/haussandra-saalbach.at\/index.php?rest_route=\/wp\/v2\/users\/1"}],"replies":[{"embeddable":true,"href":"http:\/\/haussandra-saalbach.at\/index.php?rest_route=%2Fwp%2Fv2%2Fcomments&post=43"}],"version-history":[{"count":17,"href":"http:\/\/haussandra-saalbach.at\/index.php?rest_route=\/wp\/v2\/pages\/43\/revisions"}],"predecessor-version":[{"id":150,"href":"http:\/\/haussandra-saalbach.at\/index.php?rest_route=\/wp\/v2\/pages\/43\/revisions\/150"}],"wp:attachment":[{"href":"http:\/\/haussandra-saalbach.at\/index.php?rest_route=%2Fwp%2Fv2%2Fmedia&parent=43"}],"curies":[{"name":"wp","href":"https:\/\/api.w.org\/{rel}","templated":true}]}}