{"id":28,"date":"2018-12-14T15:15:44","date_gmt":"2018-12-14T14:15:44","guid":{"rendered":"http:\/\/haussandra-saalbach.at\/?page_id=28"},"modified":"2024-10-30T17:38:25","modified_gmt":"2024-10-30T16:38:25","slug":"unser-appartement","status":"publish","type":"page","link":"http:\/\/haussandra-saalbach.at\/?page_id=28","title":{"rendered":"Unsere Appartements"},"content":{"rendered":"\n<h2 class=\"wp-block-heading\">Appartement 1<\/h2>\n\n\n\n<p>Mit einer gro\u00dfz\u00fcgigen Fl\u00e4che von etwa 70m\u00b2 bietet diese gem\u00fctliche Wohnung Platz f\u00fcr 4 bis 5 Personen.<\/p>\n\n\n\n<p>Die komplett ausgestattete K\u00fcche l\u00e4dt zum Kochen ein, die Mahlzeiten k\u00f6nnen Sie dann gemeinsam in der gro\u00dfen Essecke genie\u00dfen. Im Wohnraum mit ausziehbarer Doppelcouch und einer zus\u00e4tzlichen Couch ist genug Platz zum Entspannen f\u00fcr Sie da. Nach einem langen Tag auf der Piste l\u00e4dt hier der gem\u00fctliche Kaminofen dazu ein sich aufzuw\u00e4rmen.<\/p>\n\n\n\n<p>Das ger\u00e4umige Schlafzimmer verspricht erholsame N\u00e4chte, w\u00e4hrend das Badezimmer mit separater Toilette f\u00fcr ausreichend Komfort sorgt. In der Garderobe findet sich gen\u00fcgend Stauraum f\u00fcr Ihre Kleidung.<\/p>\n\n\n\n<p>Am gem\u00fctlichen Balkon k\u00f6nnen Sie noch die letzten Sonnenstrahlen des Tages genie\u00dfen.<\/p>\n\n\n\n<figure class=\"wp-block-gallery has-nested-images columns-2 is-cropped wp-block-gallery-1 is-layout-flex wp-block-gallery-is-layout-flex\">\n<figure class=\"wp-block-image size-large\"><img loading=\"lazy\" decoding=\"async\" width=\"1024\" height=\"1024\" data-id=\"133\" src=\"http:\/\/haussandra-saalbach.at\/wp-content\/uploads\/2024\/10\/IMG-20240721-WA0072-1024x1024.jpg\" alt=\"\" class=\"wp-image-133\" srcset=\"http:\/\/haussandra-saalbach.at\/wp-content\/uploads\/2024\/10\/IMG-20240721-WA0072-1024x1024.jpg 1024w, http:\/\/haussandra-saalbach.at\/wp-content\/uploads\/2024\/10\/IMG-20240721-WA0072-300x300.jpg 300w, http:\/\/haussandra-saalbach.at\/wp-content\/uploads\/2024\/10\/IMG-20240721-WA0072-150x150.jpg 150w, http:\/\/haussandra-saalbach.at\/wp-content\/uploads\/2024\/10\/IMG-20240721-WA0072-768x768.jpg 768w, http:\/\/haussandra-saalbach.at\/wp-content\/uploads\/2024\/10\/IMG-20240721-WA0072-1536x1536.jpg 1536w, http:\/\/haussandra-saalbach.at\/wp-content\/uploads\/2024\/10\/IMG-20240721-WA0072-676x676.jpg 676w, http:\/\/haussandra-saalbach.at\/wp-content\/uploads\/2024\/10\/IMG-20240721-WA0072.jpg 1728w\" sizes=\"(max-width: 1024px) 100vw, 1024px\" \/><\/figure>\n\n\n\n<figure class=\"wp-block-image size-large\"><img loading=\"lazy\" decoding=\"async\" width=\"1024\" height=\"576\" data-id=\"132\" src=\"http:\/\/haussandra-saalbach.at\/wp-content\/uploads\/2024\/10\/1000045528-1024x576.jpg\" alt=\"\" class=\"wp-image-132\" srcset=\"http:\/\/haussandra-saalbach.at\/wp-content\/uploads\/2024\/10\/1000045528-1024x576.jpg 1024w, http:\/\/haussandra-saalbach.at\/wp-content\/uploads\/2024\/10\/1000045528-300x169.jpg 300w, http:\/\/haussandra-saalbach.at\/wp-content\/uploads\/2024\/10\/1000045528-768x432.jpg 768w, http:\/\/haussandra-saalbach.at\/wp-content\/uploads\/2024\/10\/1000045528-1536x864.jpg 1536w, http:\/\/haussandra-saalbach.at\/wp-content\/uploads\/2024\/10\/1000045528-2048x1152.jpg 2048w, http:\/\/haussandra-saalbach.at\/wp-content\/uploads\/2024\/10\/1000045528-676x380.jpg 676w\" sizes=\"(max-width: 1024px) 100vw, 1024px\" \/><\/figure>\n\n\n\n<figure class=\"wp-block-image\"><img loading=\"lazy\" decoding=\"async\" width=\"1024\" height=\"683\" data-id=\"34\" src=\"http:\/\/haussandra-saalbach.at\/wp-content\/uploads\/2018\/12\/SAN_1974-1024x683.jpg\" alt=\"\" class=\"wp-image-34\" srcset=\"http:\/\/haussandra-saalbach.at\/wp-content\/uploads\/2018\/12\/SAN_1974-1024x683.jpg 1024w, http:\/\/haussandra-saalbach.at\/wp-content\/uploads\/2018\/12\/SAN_1974-300x200.jpg 300w, http:\/\/haussandra-saalbach.at\/wp-content\/uploads\/2018\/12\/SAN_1974-768x512.jpg 768w, http:\/\/haussandra-saalbach.at\/wp-content\/uploads\/2018\/12\/SAN_1974-676x451.jpg 676w\" sizes=\"(max-width: 1024px) 100vw, 1024px\" \/><\/figure>\n\n\n\n<figure class=\"wp-block-image size-large\"><img loading=\"lazy\" decoding=\"async\" width=\"1024\" height=\"1024\" data-id=\"139\" src=\"http:\/\/haussandra-saalbach.at\/wp-content\/uploads\/2024\/10\/IMG-20240721-WA0082-1024x1024.jpg\" alt=\"\" class=\"wp-image-139\" srcset=\"http:\/\/haussandra-saalbach.at\/wp-content\/uploads\/2024\/10\/IMG-20240721-WA0082-1024x1024.jpg 1024w, http:\/\/haussandra-saalbach.at\/wp-content\/uploads\/2024\/10\/IMG-20240721-WA0082-300x300.jpg 300w, http:\/\/haussandra-saalbach.at\/wp-content\/uploads\/2024\/10\/IMG-20240721-WA0082-150x150.jpg 150w, http:\/\/haussandra-saalbach.at\/wp-content\/uploads\/2024\/10\/IMG-20240721-WA0082-768x768.jpg 768w, http:\/\/haussandra-saalbach.at\/wp-content\/uploads\/2024\/10\/IMG-20240721-WA0082-1536x1536.jpg 1536w, http:\/\/haussandra-saalbach.at\/wp-content\/uploads\/2024\/10\/IMG-20240721-WA0082-676x676.jpg 676w, http:\/\/haussandra-saalbach.at\/wp-content\/uploads\/2024\/10\/IMG-20240721-WA0082.jpg 1728w\" sizes=\"(max-width: 1024px) 100vw, 1024px\" \/><\/figure>\n\n\n\n<figure class=\"wp-block-image size-large\"><img loading=\"lazy\" decoding=\"async\" width=\"1024\" height=\"1024\" data-id=\"138\" src=\"http:\/\/haussandra-saalbach.at\/wp-content\/uploads\/2024\/10\/IMG-20240721-WA0079-1-1024x1024.jpg\" alt=\"\" class=\"wp-image-138\" srcset=\"http:\/\/haussandra-saalbach.at\/wp-content\/uploads\/2024\/10\/IMG-20240721-WA0079-1-1024x1024.jpg 1024w, http:\/\/haussandra-saalbach.at\/wp-content\/uploads\/2024\/10\/IMG-20240721-WA0079-1-300x300.jpg 300w, http:\/\/haussandra-saalbach.at\/wp-content\/uploads\/2024\/10\/IMG-20240721-WA0079-1-150x150.jpg 150w, http:\/\/haussandra-saalbach.at\/wp-content\/uploads\/2024\/10\/IMG-20240721-WA0079-1-768x768.jpg 768w, http:\/\/haussandra-saalbach.at\/wp-content\/uploads\/2024\/10\/IMG-20240721-WA0079-1-1536x1536.jpg 1536w, http:\/\/haussandra-saalbach.at\/wp-content\/uploads\/2024\/10\/IMG-20240721-WA0079-1-676x676.jpg 676w, http:\/\/haussandra-saalbach.at\/wp-content\/uploads\/2024\/10\/IMG-20240721-WA0079-1.jpg 1728w\" sizes=\"(max-width: 1024px) 100vw, 1024px\" \/><\/figure>\n\n\n\n<figure class=\"wp-block-image\"><img loading=\"lazy\" decoding=\"async\" width=\"1024\" height=\"683\" data-id=\"37\" src=\"http:\/\/haussandra-saalbach.at\/wp-content\/uploads\/2018\/12\/SAN_1979-1-1024x683.jpg\" alt=\"\" class=\"wp-image-37\" srcset=\"http:\/\/haussandra-saalbach.at\/wp-content\/uploads\/2018\/12\/SAN_1979-1-1024x683.jpg 1024w, http:\/\/haussandra-saalbach.at\/wp-content\/uploads\/2018\/12\/SAN_1979-1-300x200.jpg 300w, http:\/\/haussandra-saalbach.at\/wp-content\/uploads\/2018\/12\/SAN_1979-1-768x512.jpg 768w, http:\/\/haussandra-saalbach.at\/wp-content\/uploads\/2018\/12\/SAN_1979-1-676x451.jpg 676w\" sizes=\"(max-width: 1024px) 100vw, 1024px\" \/><\/figure>\n<\/figure>\n\n\n\n<figure class=\"wp-block-image size-large\"><img loading=\"lazy\" decoding=\"async\" width=\"1024\" height=\"576\" src=\"http:\/\/haussandra-saalbach.at\/wp-content\/uploads\/2024\/10\/1000045542-1024x576.jpg\" alt=\"\" class=\"wp-image-134\" srcset=\"http:\/\/haussandra-saalbach.at\/wp-content\/uploads\/2024\/10\/1000045542-1024x576.jpg 1024w, http:\/\/haussandra-saalbach.at\/wp-content\/uploads\/2024\/10\/1000045542-300x169.jpg 300w, http:\/\/haussandra-saalbach.at\/wp-content\/uploads\/2024\/10\/1000045542-768x432.jpg 768w, http:\/\/haussandra-saalbach.at\/wp-content\/uploads\/2024\/10\/1000045542-1536x864.jpg 1536w, http:\/\/haussandra-saalbach.at\/wp-content\/uploads\/2024\/10\/1000045542-2048x1152.jpg 2048w, http:\/\/haussandra-saalbach.at\/wp-content\/uploads\/2024\/10\/1000045542-676x380.jpg 676w\" sizes=\"(max-width: 1024px) 100vw, 1024px\" \/><\/figure>\n\n\n\n<figure class=\"wp-block-image size-large\"><img loading=\"lazy\" decoding=\"async\" width=\"1024\" height=\"1024\" src=\"http:\/\/haussandra-saalbach.at\/wp-content\/uploads\/2024\/10\/IMG-20240721-WA0064-1-1024x1024.jpg\" alt=\"\" class=\"wp-image-141\" srcset=\"http:\/\/haussandra-saalbach.at\/wp-content\/uploads\/2024\/10\/IMG-20240721-WA0064-1-1024x1024.jpg 1024w, http:\/\/haussandra-saalbach.at\/wp-content\/uploads\/2024\/10\/IMG-20240721-WA0064-1-300x300.jpg 300w, http:\/\/haussandra-saalbach.at\/wp-content\/uploads\/2024\/10\/IMG-20240721-WA0064-1-150x150.jpg 150w, http:\/\/haussandra-saalbach.at\/wp-content\/uploads\/2024\/10\/IMG-20240721-WA0064-1-768x768.jpg 768w, http:\/\/haussandra-saalbach.at\/wp-content\/uploads\/2024\/10\/IMG-20240721-WA0064-1-1536x1536.jpg 1536w, http:\/\/haussandra-saalbach.at\/wp-content\/uploads\/2024\/10\/IMG-20240721-WA0064-1-676x676.jpg 676w, http:\/\/haussandra-saalbach.at\/wp-content\/uploads\/2024\/10\/IMG-20240721-WA0064-1.jpg 1728w\" sizes=\"(max-width: 1024px) 100vw, 1024px\" \/><\/figure>\n\n\n\n<figure class=\"wp-block-image size-large\"><img loading=\"lazy\" decoding=\"async\" width=\"1024\" height=\"1024\" src=\"http:\/\/haussandra-saalbach.at\/wp-content\/uploads\/2024\/10\/IMG-20240721-WA0069-1024x1024.jpg\" alt=\"\" class=\"wp-image-140\" srcset=\"http:\/\/haussandra-saalbach.at\/wp-content\/uploads\/2024\/10\/IMG-20240721-WA0069-1024x1024.jpg 1024w, http:\/\/haussandra-saalbach.at\/wp-content\/uploads\/2024\/10\/IMG-20240721-WA0069-300x300.jpg 300w, http:\/\/haussandra-saalbach.at\/wp-content\/uploads\/2024\/10\/IMG-20240721-WA0069-150x150.jpg 150w, http:\/\/haussandra-saalbach.at\/wp-content\/uploads\/2024\/10\/IMG-20240721-WA0069-768x768.jpg 768w, http:\/\/haussandra-saalbach.at\/wp-content\/uploads\/2024\/10\/IMG-20240721-WA0069-1536x1536.jpg 1536w, http:\/\/haussandra-saalbach.at\/wp-content\/uploads\/2024\/10\/IMG-20240721-WA0069-676x676.jpg 676w, http:\/\/haussandra-saalbach.at\/wp-content\/uploads\/2024\/10\/IMG-20240721-WA0069.jpg 1728w\" sizes=\"(max-width: 1024px) 100vw, 1024px\" \/><\/figure>\n\n\n\n<h2 class=\"wp-block-heading\">Appartement 2<\/h2>\n\n\n\n<p>Unsere brandneue Ferienwohnung steht seit Dezember 2023 f\u00fcr bis zu 4 Personen im Tiefparterre bereit! &nbsp;&nbsp;&nbsp;<\/p>\n\n\n\n<p>Die Wohnung verf\u00fcgt \u00fcber modernes Schlafzimmer mit Boxspringbett und TV. Die voll ausgestattete Wohnk\u00fcche ist ein gem\u00fctlicher Treffpunkt. Die ausziehbare Couch bietet zus\u00e4tzlichen Schlafplatz f\u00fcr 2 Personen und der Esstisch l\u00e4dt zu gemeinsamen Mahlzeiten oder geselligen Spielen ein.<\/p>\n\n\n\n<p>Im Badezimmer befindet sich eine gro\u00dfz\u00fcgige Walk-in Dusche und ein WC. Eine Garderobe f\u00fcr Ihre Kleidung steht ebenfalls zur Verf\u00fcgung.<\/p>\n\n\n\n<p>In der nagelneuen Ferienwohnung k\u00f6nnen Sie unvergessliche Urlaubsmomente erleben.<\/p>\n\n\n\n<figure class=\"wp-block-gallery has-nested-images columns-default is-cropped wp-block-gallery-2 is-layout-flex wp-block-gallery-is-layout-flex\">\n<figure class=\"wp-block-image size-large\"><img loading=\"lazy\" decoding=\"async\" width=\"1024\" height=\"1024\" data-id=\"145\" src=\"http:\/\/haussandra-saalbach.at\/wp-content\/uploads\/2024\/10\/IMG-20240721-WA0097-1024x1024.jpg\" alt=\"\" class=\"wp-image-145\" srcset=\"http:\/\/haussandra-saalbach.at\/wp-content\/uploads\/2024\/10\/IMG-20240721-WA0097-1024x1024.jpg 1024w, http:\/\/haussandra-saalbach.at\/wp-content\/uploads\/2024\/10\/IMG-20240721-WA0097-300x300.jpg 300w, http:\/\/haussandra-saalbach.at\/wp-content\/uploads\/2024\/10\/IMG-20240721-WA0097-150x150.jpg 150w, http:\/\/haussandra-saalbach.at\/wp-content\/uploads\/2024\/10\/IMG-20240721-WA0097-768x768.jpg 768w, http:\/\/haussandra-saalbach.at\/wp-content\/uploads\/2024\/10\/IMG-20240721-WA0097-1536x1536.jpg 1536w, http:\/\/haussandra-saalbach.at\/wp-content\/uploads\/2024\/10\/IMG-20240721-WA0097-676x676.jpg 676w, http:\/\/haussandra-saalbach.at\/wp-content\/uploads\/2024\/10\/IMG-20240721-WA0097.jpg 1728w\" sizes=\"(max-width: 1024px) 100vw, 1024px\" \/><\/figure>\n\n\n\n<figure class=\"wp-block-image size-large\"><img loading=\"lazy\" decoding=\"async\" width=\"1024\" height=\"1024\" data-id=\"143\" src=\"http:\/\/haussandra-saalbach.at\/wp-content\/uploads\/2024\/10\/IMG-20240721-WA0063_-1024x1024.jpg\" alt=\"\" class=\"wp-image-143\" srcset=\"http:\/\/haussandra-saalbach.at\/wp-content\/uploads\/2024\/10\/IMG-20240721-WA0063_-1024x1024.jpg 1024w, http:\/\/haussandra-saalbach.at\/wp-content\/uploads\/2024\/10\/IMG-20240721-WA0063_-300x300.jpg 300w, http:\/\/haussandra-saalbach.at\/wp-content\/uploads\/2024\/10\/IMG-20240721-WA0063_-150x150.jpg 150w, http:\/\/haussandra-saalbach.at\/wp-content\/uploads\/2024\/10\/IMG-20240721-WA0063_-768x768.jpg 768w, http:\/\/haussandra-saalbach.at\/wp-content\/uploads\/2024\/10\/IMG-20240721-WA0063_-1536x1536.jpg 1536w, http:\/\/haussandra-saalbach.at\/wp-content\/uploads\/2024\/10\/IMG-20240721-WA0063_-676x676.jpg 676w, http:\/\/haussandra-saalbach.at\/wp-content\/uploads\/2024\/10\/IMG-20240721-WA0063_.jpg 1728w\" sizes=\"(max-width: 1024px) 100vw, 1024px\" \/><\/figure>\n\n\n\n<figure class=\"wp-block-image size-large\"><img loading=\"lazy\" decoding=\"async\" width=\"1024\" height=\"1024\" data-id=\"144\" src=\"http:\/\/haussandra-saalbach.at\/wp-content\/uploads\/2024\/10\/IMG-20240721-WA0092_2-1024x1024.jpg\" alt=\"\" class=\"wp-image-144\" srcset=\"http:\/\/haussandra-saalbach.at\/wp-content\/uploads\/2024\/10\/IMG-20240721-WA0092_2-1024x1024.jpg 1024w, http:\/\/haussandra-saalbach.at\/wp-content\/uploads\/2024\/10\/IMG-20240721-WA0092_2-300x300.jpg 300w, http:\/\/haussandra-saalbach.at\/wp-content\/uploads\/2024\/10\/IMG-20240721-WA0092_2-150x150.jpg 150w, http:\/\/haussandra-saalbach.at\/wp-content\/uploads\/2024\/10\/IMG-20240721-WA0092_2-768x768.jpg 768w, http:\/\/haussandra-saalbach.at\/wp-content\/uploads\/2024\/10\/IMG-20240721-WA0092_2-1536x1536.jpg 1536w, http:\/\/haussandra-saalbach.at\/wp-content\/uploads\/2024\/10\/IMG-20240721-WA0092_2-676x676.jpg 676w, http:\/\/haussandra-saalbach.at\/wp-content\/uploads\/2024\/10\/IMG-20240721-WA0092_2.jpg 1728w\" sizes=\"(max-width: 1024px) 100vw, 1024px\" \/><\/figure>\n\n\n\n<figure class=\"wp-block-image size-large\"><img loading=\"lazy\" decoding=\"async\" width=\"768\" height=\"1024\" data-id=\"104\" src=\"http:\/\/haussandra-saalbach.at\/wp-content\/uploads\/2024\/02\/1000031664-768x1024.jpg\" alt=\"\" class=\"wp-image-104\" srcset=\"http:\/\/haussandra-saalbach.at\/wp-content\/uploads\/2024\/02\/1000031664-768x1024.jpg 768w, http:\/\/haussandra-saalbach.at\/wp-content\/uploads\/2024\/02\/1000031664-225x300.jpg 225w, http:\/\/haussandra-saalbach.at\/wp-content\/uploads\/2024\/02\/1000031664-1152x1536.jpg 1152w, http:\/\/haussandra-saalbach.at\/wp-content\/uploads\/2024\/02\/1000031664-676x901.jpg 676w, http:\/\/haussandra-saalbach.at\/wp-content\/uploads\/2024\/02\/1000031664.jpg 1536w\" sizes=\"(max-width: 768px) 100vw, 768px\" \/><\/figure>\n\n\n\n<figure class=\"wp-block-image size-large\"><img loading=\"lazy\" decoding=\"async\" width=\"768\" height=\"1024\" data-id=\"103\" src=\"http:\/\/haussandra-saalbach.at\/wp-content\/uploads\/2024\/02\/1000031666-768x1024.jpg\" alt=\"\" class=\"wp-image-103\" srcset=\"http:\/\/haussandra-saalbach.at\/wp-content\/uploads\/2024\/02\/1000031666-768x1024.jpg 768w, http:\/\/haussandra-saalbach.at\/wp-content\/uploads\/2024\/02\/1000031666-225x300.jpg 225w, http:\/\/haussandra-saalbach.at\/wp-content\/uploads\/2024\/02\/1000031666-1152x1536.jpg 1152w, http:\/\/haussandra-saalbach.at\/wp-content\/uploads\/2024\/02\/1000031666-676x901.jpg 676w, http:\/\/haussandra-saalbach.at\/wp-content\/uploads\/2024\/02\/1000031666.jpg 1536w\" sizes=\"(max-width: 768px) 100vw, 768px\" \/><\/figure>\n\n\n\n<figure class=\"wp-block-image size-large\"><img loading=\"lazy\" decoding=\"async\" width=\"768\" height=\"1024\" data-id=\"102\" src=\"http:\/\/haussandra-saalbach.at\/wp-content\/uploads\/2024\/02\/1000031668-768x1024.jpg\" alt=\"\" class=\"wp-image-102\" srcset=\"http:\/\/haussandra-saalbach.at\/wp-content\/uploads\/2024\/02\/1000031668-768x1024.jpg 768w, http:\/\/haussandra-saalbach.at\/wp-content\/uploads\/2024\/02\/1000031668-225x300.jpg 225w, http:\/\/haussandra-saalbach.at\/wp-content\/uploads\/2024\/02\/1000031668-1152x1536.jpg 1152w, http:\/\/haussandra-saalbach.at\/wp-content\/uploads\/2024\/02\/1000031668-676x901.jpg 676w, http:\/\/haussandra-saalbach.at\/wp-content\/uploads\/2024\/02\/1000031668.jpg 1536w\" sizes=\"(max-width: 768px) 100vw, 768px\" \/><\/figure>\n<\/figure>\n\n\n\n<figure class=\"wp-block-image size-large\"><img loading=\"lazy\" decoding=\"async\" width=\"1024\" height=\"1024\" src=\"http:\/\/haussandra-saalbach.at\/wp-content\/uploads\/2024\/10\/IMG-20240721-WA0062-1024x1024.jpg\" alt=\"\" class=\"wp-image-142\" srcset=\"http:\/\/haussandra-saalbach.at\/wp-content\/uploads\/2024\/10\/IMG-20240721-WA0062-1024x1024.jpg 1024w, http:\/\/haussandra-saalbach.at\/wp-content\/uploads\/2024\/10\/IMG-20240721-WA0062-300x300.jpg 300w, http:\/\/haussandra-saalbach.at\/wp-content\/uploads\/2024\/10\/IMG-20240721-WA0062-150x150.jpg 150w, http:\/\/haussandra-saalbach.at\/wp-content\/uploads\/2024\/10\/IMG-20240721-WA0062-768x768.jpg 768w, http:\/\/haussandra-saalbach.at\/wp-content\/uploads\/2024\/10\/IMG-20240721-WA0062-1536x1536.jpg 1536w, http:\/\/haussandra-saalbach.at\/wp-content\/uploads\/2024\/10\/IMG-20240721-WA0062-676x676.jpg 676w, http:\/\/haussandra-saalbach.at\/wp-content\/uploads\/2024\/10\/IMG-20240721-WA0062.jpg 1658w\" sizes=\"(max-width: 1024px) 100vw, 1024px\" \/><\/figure>\n\n\n\n<figure class=\"wp-block-image size-large\"><img loading=\"lazy\" decoding=\"async\" width=\"1024\" height=\"1024\" src=\"http:\/\/haussandra-saalbach.at\/wp-content\/uploads\/2024\/10\/IMG-20240721-WA0094-1024x1024.jpg\" alt=\"\" class=\"wp-image-146\" srcset=\"http:\/\/haussandra-saalbach.at\/wp-content\/uploads\/2024\/10\/IMG-20240721-WA0094-1024x1024.jpg 1024w, http:\/\/haussandra-saalbach.at\/wp-content\/uploads\/2024\/10\/IMG-20240721-WA0094-300x300.jpg 300w, http:\/\/haussandra-saalbach.at\/wp-content\/uploads\/2024\/10\/IMG-20240721-WA0094-150x150.jpg 150w, http:\/\/haussandra-saalbach.at\/wp-content\/uploads\/2024\/10\/IMG-20240721-WA0094-768x768.jpg 768w, http:\/\/haussandra-saalbach.at\/wp-content\/uploads\/2024\/10\/IMG-20240721-WA0094-1536x1536.jpg 1536w, http:\/\/haussandra-saalbach.at\/wp-content\/uploads\/2024\/10\/IMG-20240721-WA0094-676x676.jpg 676w, http:\/\/haussandra-saalbach.at\/wp-content\/uploads\/2024\/10\/IMG-20240721-WA0094.jpg 1728w\" sizes=\"(max-width: 1024px) 100vw, 1024px\" \/><\/figure>\n","protected":false},"excerpt":{"rendered":"<p>Appartement 1 Mit einer gro\u00dfz\u00fcgigen Fl\u00e4che von etwa 70m\u00b2 bietet diese gem\u00fctliche Wohnung Platz f\u00fcr 4 bis 5 Personen. Die komplett ausgestattete K\u00fcche l\u00e4dt zum Kochen ein, die Mahlzeiten k\u00f6nnen Sie dann gemeinsam in der gro\u00dfen Essecke genie\u00dfen. Im Wohnraum mit ausziehbarer Doppelcouch und einer zus\u00e4tzlichen Couch ist genug Platz zum Entspannen f\u00fcr Sie da. [&hellip;]<\/p>\n","protected":false},"author":1,"featured_media":0,"parent":0,"menu_order":0,"comment_status":"closed","ping_status":"closed","template":"","meta":{"footnotes":""},"_links":{"self":[{"href":"http:\/\/haussandra-saalbach.at\/index.php?rest_route=\/wp\/v2\/pages\/28"}],"collection":[{"href":"http:\/\/haussandra-saalbach.at\/index.php?rest_route=\/wp\/v2\/pages"}],"about":[{"href":"http:\/\/haussandra-saalbach.at\/index.php?rest_route=\/wp\/v2\/types\/page"}],"author":[{"embeddable":true,"href":"http:\/\/haussandra-saalbach.at\/index.php?rest_route=\/wp\/v2\/users\/1"}],"replies":[{"embeddable":true,"href":"http:\/\/haussandra-saalbach.at\/index.php?rest_route=%2Fwp%2Fv2%2Fcomments&post=28"}],"version-history":[{"count":10,"href":"http:\/\/haussandra-saalbach.at\/index.php?rest_route=\/wp\/v2\/pages\/28\/revisions"}],"predecessor-version":[{"id":147,"href":"http:\/\/haussandra-saalbach.at\/index.php?rest_route=\/wp\/v2\/pages\/28\/revisions\/147"}],"wp:attachment":[{"href":"http:\/\/haussandra-saalbach.at\/index.php?rest_route=%2Fwp%2Fv2%2Fmedia&parent=28"}],"curies":[{"name":"wp","href":"https:\/\/api.w.org\/{rel}","templated":true}]}}