{"id":2,"date":"2018-12-12T19:08:16","date_gmt":"2018-12-12T18:08:16","guid":{"rendered":"http:\/\/haussandra-saalbach.at\/?page_id=2"},"modified":"2024-10-30T17:58:29","modified_gmt":"2024-10-30T16:58:29","slug":"beispiel-seite","status":"publish","type":"page","link":"http:\/\/haussandra-saalbach.at\/","title":{"rendered":"Herzlich Willkomen im Home of L\u00e4ssig!"},"content":{"rendered":"\n<p>Herzlich willkommen in \u00d6sterreichs gr\u00f6\u00dfter Schi- und Bikeregion. Tauchen Sie ein in eine atemberaubende Bergkulisse mit vielseitigen Freizeitaktivit\u00e4ten wie Schifahren, Wandern, Biken und vielem mehr!<\/p>\n\n\n\n<p>Unsere beiden gem\u00fctlichen Appartements bieten Ihnen eine ideale Kombination aus Erholung und Aktivit\u00e4t. Genie\u00dfen Sie die Ruhe und Stille der Umgebung zwischen Saalbach und Hinterglemm, w\u00e4hrend Sie dennoch nur ca. 5 Fahrminuten vom n\u00e4chsten Lift entfernt sind &#8211; dank des kostenlosen Schi- und Wanderbusses, der f\u00fcr Sie direkt an der Bushaltestelle vorm Haus bereitsteht. (im Schipass bzw. JokerCard inkludiert)<\/p>\n\n\n\n<p>Besonders praktisch: Bei ausreichend Schnee haben Sie die M\u00f6glichkeit, beinahe bis vor die Haust\u00fcr abzufahren \u2013 Schivergn\u00fcgen direkt bis zu Ihrer Unterkunft! (Familienabfahrt Eibing 34a)<\/p>\n\n\n\n<p>F\u00fcr einen unkomplizierten Einkauf liegt ein Supermarkt nur 150m vom Haus Sandra entfernt. Ihr Fahrzeug k\u00f6nnen Sie getrost w\u00e4hrend Ihres gesamten Aufenthaltes auf unserem Parkplatz abstellen. Zus\u00e4tzlich bieten wir eine E-Ladestation f\u00fcr Ihr Elektro Fahrzeug an. <\/p>\n\n\n\n<p>Wir hei\u00dfen aber nicht nur Sie willkommen, sondern auch Ihre vierbeinigen Freunde! Haustiere sind bei uns gern gesehene G\u00e4ste. Bleiben Sie w\u00e4hrend Ihres Urlaubs in Verbindung, dank kostenlosem WLAN in den Ferienwohnungen.&nbsp;<\/p>\n\n\n\n<p>Um Ihre Sportausr\u00fcstung sicher aufzubewahren, bieten wir einen Schi- und Bikekeller inkl. Schuhtrockner.<\/p>\n\n\n\n<p>F\u00fcr gesellige Abende steht Ihnen unser Garten zur Verf\u00fcgung, wo Sie die M\u00f6glichkeit haben, einen gem\u00fctlichen Grillabend zu genie\u00dfen. Lehnen Sie sich zur\u00fcck und lassen Sie den Tag in angenehmer Gesellschaft ausklingen.<\/p>\n\n\n\n<p>Wir laden Sie ein eine unvergessliche Zeit bei uns im Home of l\u00e4ssig zu erleben!<\/p>\n\n\n\n<p>Wir freuen uns auf Sie!<\/p>\n\n\n\n<p>Familie Riedlsperger<\/p>\n\n\n\n<p><\/p>\n\n\n\n<figure class=\"wp-block-image size-large\"><img loading=\"lazy\" decoding=\"async\" width=\"1024\" height=\"768\" src=\"http:\/\/haussandra-saalbach.at\/wp-content\/uploads\/2024\/10\/IMG-20240721-WA0111-1-1024x768.jpg\" alt=\"\" class=\"wp-image-159\" srcset=\"http:\/\/haussandra-saalbach.at\/wp-content\/uploads\/2024\/10\/IMG-20240721-WA0111-1-1024x768.jpg 1024w, http:\/\/haussandra-saalbach.at\/wp-content\/uploads\/2024\/10\/IMG-20240721-WA0111-1-300x225.jpg 300w, http:\/\/haussandra-saalbach.at\/wp-content\/uploads\/2024\/10\/IMG-20240721-WA0111-1-768x576.jpg 768w, http:\/\/haussandra-saalbach.at\/wp-content\/uploads\/2024\/10\/IMG-20240721-WA0111-1-1536x1152.jpg 1536w, http:\/\/haussandra-saalbach.at\/wp-content\/uploads\/2024\/10\/IMG-20240721-WA0111-1-676x507.jpg 676w, http:\/\/haussandra-saalbach.at\/wp-content\/uploads\/2024\/10\/IMG-20240721-WA0111-1.jpg 1599w\" sizes=\"(max-width: 1024px) 100vw, 1024px\" \/><\/figure>\n\n\n\n<figure class=\"wp-block-gallery has-nested-images columns-default is-cropped wp-block-gallery-1 is-layout-flex wp-block-gallery-is-layout-flex\">\n<figure class=\"wp-block-image size-large\"><img loading=\"lazy\" decoding=\"async\" width=\"1024\" height=\"1024\" data-id=\"164\" src=\"http:\/\/haussandra-saalbach.at\/wp-content\/uploads\/2024\/10\/IMG-20240721-WA0119-1-1024x1024.jpg\" alt=\"\" class=\"wp-image-164\" srcset=\"http:\/\/haussandra-saalbach.at\/wp-content\/uploads\/2024\/10\/IMG-20240721-WA0119-1-1024x1024.jpg 1024w, http:\/\/haussandra-saalbach.at\/wp-content\/uploads\/2024\/10\/IMG-20240721-WA0119-1-300x300.jpg 300w, http:\/\/haussandra-saalbach.at\/wp-content\/uploads\/2024\/10\/IMG-20240721-WA0119-1-150x150.jpg 150w, http:\/\/haussandra-saalbach.at\/wp-content\/uploads\/2024\/10\/IMG-20240721-WA0119-1-768x768.jpg 768w, http:\/\/haussandra-saalbach.at\/wp-content\/uploads\/2024\/10\/IMG-20240721-WA0119-1-1536x1536.jpg 1536w, http:\/\/haussandra-saalbach.at\/wp-content\/uploads\/2024\/10\/IMG-20240721-WA0119-1-676x676.jpg 676w, http:\/\/haussandra-saalbach.at\/wp-content\/uploads\/2024\/10\/IMG-20240721-WA0119-1.jpg 1728w\" sizes=\"(max-width: 1024px) 100vw, 1024px\" \/><\/figure>\n\n\n\n<figure class=\"wp-block-image size-large\"><img loading=\"lazy\" decoding=\"async\" width=\"768\" height=\"1024\" data-id=\"165\" src=\"http:\/\/haussandra-saalbach.at\/wp-content\/uploads\/2024\/10\/WhatsApp-Image-2024-10-30-at-17.29.13-1-768x1024.jpeg\" alt=\"\" class=\"wp-image-165\" srcset=\"http:\/\/haussandra-saalbach.at\/wp-content\/uploads\/2024\/10\/WhatsApp-Image-2024-10-30-at-17.29.13-1-768x1024.jpeg 768w, http:\/\/haussandra-saalbach.at\/wp-content\/uploads\/2024\/10\/WhatsApp-Image-2024-10-30-at-17.29.13-1-225x300.jpeg 225w, http:\/\/haussandra-saalbach.at\/wp-content\/uploads\/2024\/10\/WhatsApp-Image-2024-10-30-at-17.29.13-1-1152x1536.jpeg 1152w, http:\/\/haussandra-saalbach.at\/wp-content\/uploads\/2024\/10\/WhatsApp-Image-2024-10-30-at-17.29.13-1-1536x2048.jpeg 1536w, http:\/\/haussandra-saalbach.at\/wp-content\/uploads\/2024\/10\/WhatsApp-Image-2024-10-30-at-17.29.13-1-676x901.jpeg 676w, http:\/\/haussandra-saalbach.at\/wp-content\/uploads\/2024\/10\/WhatsApp-Image-2024-10-30-at-17.29.13-1-scaled.jpeg 1920w\" sizes=\"(max-width: 768px) 100vw, 768px\" \/><\/figure>\n<\/figure>\n","protected":false},"excerpt":{"rendered":"<p>Herzlich willkommen in \u00d6sterreichs gr\u00f6\u00dfter Schi- und Bikeregion. Tauchen Sie ein in eine atemberaubende Bergkulisse mit vielseitigen Freizeitaktivit\u00e4ten wie Schifahren, Wandern, Biken und vielem mehr! Unsere beiden gem\u00fctlichen Appartements bieten Ihnen eine ideale Kombination aus Erholung und Aktivit\u00e4t. Genie\u00dfen Sie die Ruhe und Stille der Umgebung zwischen Saalbach und Hinterglemm, w\u00e4hrend Sie dennoch nur ca. [&hellip;]<\/p>\n","protected":false},"author":1,"featured_media":0,"parent":0,"menu_order":0,"comment_status":"closed","ping_status":"open","template":"","meta":{"footnotes":""},"_links":{"self":[{"href":"http:\/\/haussandra-saalbach.at\/index.php?rest_route=\/wp\/v2\/pages\/2"}],"collection":[{"href":"http:\/\/haussandra-saalbach.at\/index.php?rest_route=\/wp\/v2\/pages"}],"about":[{"href":"http:\/\/haussandra-saalbach.at\/index.php?rest_route=\/wp\/v2\/types\/page"}],"author":[{"embeddable":true,"href":"http:\/\/haussandra-saalbach.at\/index.php?rest_route=\/wp\/v2\/users\/1"}],"replies":[{"embeddable":true,"href":"http:\/\/haussandra-saalbach.at\/index.php?rest_route=%2Fwp%2Fv2%2Fcomments&post=2"}],"version-history":[{"count":10,"href":"http:\/\/haussandra-saalbach.at\/index.php?rest_route=\/wp\/v2\/pages\/2\/revisions"}],"predecessor-version":[{"id":166,"href":"http:\/\/haussandra-saalbach.at\/index.php?rest_route=\/wp\/v2\/pages\/2\/revisions\/166"}],"wp:attachment":[{"href":"http:\/\/haussandra-saalbach.at\/index.php?rest_route=%2Fwp%2Fv2%2Fmedia&parent=2"}],"curies":[{"name":"wp","href":"https:\/\/api.w.org\/{rel}","templated":true}]}}